{"id":27,"date":"2022-01-20T11:04:11","date_gmt":"2022-01-20T11:04:11","guid":{"rendered":"https:\/\/www.eustek.com\/?page_id=27"},"modified":"2022-01-20T17:19:11","modified_gmt":"2022-01-20T17:19:11","slug":"acerca-de","status":"publish","type":"page","link":"https:\/\/www.eustek.com\/index.php\/acerca-de\/","title":{"rendered":"Acerca de"},"content":{"rendered":"\n<p>Eustek lleva desde 1996 ofreciendo soluciones llave en mano a clientes de distintos sectores con una caracter\u00edstica com\u00fan. Estan convencidos de que la implantaci\u00f3n de una soluci\u00f3n de gesti\u00f3n integral de su empresa va m\u00e1s all\u00e1 de la instalaci\u00f3n de un software ERP.<\/p>\n\n\n\n<p>Captura de datos, interconexi\u00f3n entre m\u00e1quinas, soluciones de pesaje industrial, etiquetado, identificaci\u00f3n, automatizaci\u00f3n de procesos junto con la capacidad de desarrollar software hacen de Eustek en un socio tecnol\u00f3gico con el que su empresa avanza, crece y se desarrolla.<\/p>\n\n\n\n<p>Nuestra atenci\u00f3n y cercan\u00eda nos caracterizan.<\/p>\n","protected":false},"excerpt":{"rendered":"<p>Eustek lleva desde 1996 ofreciendo soluciones llave en mano a clientes de distintos sectores con una caracter\u00edstica com\u00fan. Estan convencidos de que la implantaci\u00f3n de una soluci\u00f3n de gesti\u00f3n integral de su empresa va m\u00e1s all\u00e1 de la instalaci\u00f3n de un software ERP. Captura de datos, interconexi\u00f3n entre m\u00e1quinas, soluciones de pesaje industrial, etiquetado, identificaci\u00f3n, [&hellip;]<\/p>\n","protected":false},"author":1,"featured_media":0,"parent":0,"menu_order":0,"comment_status":"closed","ping_status":"closed","template":"","meta":{"footnotes":""},"class_list":["post-27","page","type-page","status-publish","hentry"],"yoast_head":"<!-- This site is optimized with the Yoast SEO plugin v27.4 - https:\/\/yoast.com\/product\/yoast-seo-wordpress\/ -->\n<title>Acerca de - Eustek. Integrando soluciones<\/title>\n<meta name=\"robots\" content=\"index, follow, max-snippet:-1, max-image-preview:large, max-video-preview:-1\" \/>\n<link rel=\"canonical\" href=\"https:\/\/www.eustek.com\/index.php\/acerca-de\/\" \/>\n<meta property=\"og:locale\" content=\"es_ES\" \/>\n<meta property=\"og:type\" content=\"article\" \/>\n<meta property=\"og:title\" content=\"Acerca de - Eustek. Integrando soluciones\" \/>\n<meta property=\"og:description\" content=\"Eustek lleva desde 1996 ofreciendo soluciones llave en mano a clientes de distintos sectores con una caracter\u00edstica com\u00fan. Estan convencidos de que la implantaci\u00f3n de una soluci\u00f3n de gesti\u00f3n integral de su empresa va m\u00e1s all\u00e1 de la instalaci\u00f3n de un software ERP. Captura de datos, interconexi\u00f3n entre m\u00e1quinas, soluciones de pesaje industrial, etiquetado, identificaci\u00f3n, [&hellip;]\" \/>\n<meta property=\"og:url\" content=\"https:\/\/www.eustek.com\/index.php\/acerca-de\/\" \/>\n<meta property=\"og:site_name\" content=\"Eustek. Integrando soluciones\" \/>\n<meta property=\"article:publisher\" content=\"https:\/\/www.facebook.com\/Eustek-603432806366897\" \/>\n<meta property=\"article:modified_time\" content=\"2022-01-20T17:19:11+00:00\" \/>\n<meta name=\"twitter:card\" content=\"summary_large_image\" \/>\n<meta name=\"twitter:label1\" content=\"Tiempo de lectura\" \/>\n\t<meta name=\"twitter:data1\" content=\"1 minuto\" \/>\n<script type=\"application\/ld+json\" class=\"yoast-schema-graph\">{\"@context\":\"https:\\\/\\\/schema.org\",\"@graph\":[{\"@type\":\"WebPage\",\"@id\":\"https:\\\/\\\/www.eustek.com\\\/index.php\\\/acerca-de\\\/\",\"url\":\"https:\\\/\\\/www.eustek.com\\\/index.php\\\/acerca-de\\\/\",\"name\":\"Acerca de - Eustek. Integrando soluciones\",\"isPartOf\":{\"@id\":\"https:\\\/\\\/www.eustek.com\\\/#website\"},\"datePublished\":\"2022-01-20T11:04:11+00:00\",\"dateModified\":\"2022-01-20T17:19:11+00:00\",\"breadcrumb\":{\"@id\":\"https:\\\/\\\/www.eustek.com\\\/index.php\\\/acerca-de\\\/#breadcrumb\"},\"inLanguage\":\"es\",\"potentialAction\":[{\"@type\":\"ReadAction\",\"target\":[\"https:\\\/\\\/www.eustek.com\\\/index.php\\\/acerca-de\\\/\"]}]},{\"@type\":\"BreadcrumbList\",\"@id\":\"https:\\\/\\\/www.eustek.com\\\/index.php\\\/acerca-de\\\/#breadcrumb\",\"itemListElement\":[{\"@type\":\"ListItem\",\"position\":1,\"name\":\"Portada\",\"item\":\"https:\\\/\\\/www.eustek.com\\\/\"},{\"@type\":\"ListItem\",\"position\":2,\"name\":\"Acerca de\"}]},{\"@type\":\"WebSite\",\"@id\":\"https:\\\/\\\/www.eustek.com\\\/#website\",\"url\":\"https:\\\/\\\/www.eustek.com\\\/\",\"name\":\"Eustek. Integrando soluciones\",\"description\":\"Integraci\u00f3n de sistemas\",\"publisher\":{\"@id\":\"https:\\\/\\\/www.eustek.com\\\/#organization\"},\"potentialAction\":[{\"@type\":\"SearchAction\",\"target\":{\"@type\":\"EntryPoint\",\"urlTemplate\":\"https:\\\/\\\/www.eustek.com\\\/?s={search_term_string}\"},\"query-input\":{\"@type\":\"PropertyValueSpecification\",\"valueRequired\":true,\"valueName\":\"search_term_string\"}}],\"inLanguage\":\"es\"},{\"@type\":\"Organization\",\"@id\":\"https:\\\/\\\/www.eustek.com\\\/#organization\",\"name\":\"EUSTEK\",\"url\":\"https:\\\/\\\/www.eustek.com\\\/\",\"logo\":{\"@type\":\"ImageObject\",\"inLanguage\":\"es\",\"@id\":\"https:\\\/\\\/www.eustek.com\\\/#\\\/schema\\\/logo\\\/image\\\/\",\"url\":\"https:\\\/\\\/www.eustek.com\\\/wp-content\\\/uploads\\\/2022\\\/02\\\/Eustek_tx.jpg\",\"contentUrl\":\"https:\\\/\\\/www.eustek.com\\\/wp-content\\\/uploads\\\/2022\\\/02\\\/Eustek_tx.jpg\",\"width\":180,\"height\":129,\"caption\":\"EUSTEK\"},\"image\":{\"@id\":\"https:\\\/\\\/www.eustek.com\\\/#\\\/schema\\\/logo\\\/image\\\/\"},\"sameAs\":[\"https:\\\/\\\/www.facebook.com\\\/Eustek-603432806366897\"]}]}<\/script>\n<!-- \/ Yoast SEO plugin. -->","yoast_head_json":{"title":"Acerca de - Eustek. Integrando soluciones","robots":{"index":"index","follow":"follow","max-snippet":"max-snippet:-1","max-image-preview":"max-image-preview:large","max-video-preview":"max-video-preview:-1"},"canonical":"https:\/\/www.eustek.com\/index.php\/acerca-de\/","og_locale":"es_ES","og_type":"article","og_title":"Acerca de - Eustek. Integrando soluciones","og_description":"Eustek lleva desde 1996 ofreciendo soluciones llave en mano a clientes de distintos sectores con una caracter\u00edstica com\u00fan. Estan convencidos de que la implantaci\u00f3n de una soluci\u00f3n de gesti\u00f3n integral de su empresa va m\u00e1s all\u00e1 de la instalaci\u00f3n de un software ERP. Captura de datos, interconexi\u00f3n entre m\u00e1quinas, soluciones de pesaje industrial, etiquetado, identificaci\u00f3n, [&hellip;]","og_url":"https:\/\/www.eustek.com\/index.php\/acerca-de\/","og_site_name":"Eustek. Integrando soluciones","article_publisher":"https:\/\/www.facebook.com\/Eustek-603432806366897","article_modified_time":"2022-01-20T17:19:11+00:00","twitter_card":"summary_large_image","twitter_misc":{"Tiempo de lectura":"1 minuto"},"schema":{"@context":"https:\/\/schema.org","@graph":[{"@type":"WebPage","@id":"https:\/\/www.eustek.com\/index.php\/acerca-de\/","url":"https:\/\/www.eustek.com\/index.php\/acerca-de\/","name":"Acerca de - Eustek. Integrando soluciones","isPartOf":{"@id":"https:\/\/www.eustek.com\/#website"},"datePublished":"2022-01-20T11:04:11+00:00","dateModified":"2022-01-20T17:19:11+00:00","breadcrumb":{"@id":"https:\/\/www.eustek.com\/index.php\/acerca-de\/#breadcrumb"},"inLanguage":"es","potentialAction":[{"@type":"ReadAction","target":["https:\/\/www.eustek.com\/index.php\/acerca-de\/"]}]},{"@type":"BreadcrumbList","@id":"https:\/\/www.eustek.com\/index.php\/acerca-de\/#breadcrumb","itemListElement":[{"@type":"ListItem","position":1,"name":"Portada","item":"https:\/\/www.eustek.com\/"},{"@type":"ListItem","position":2,"name":"Acerca de"}]},{"@type":"WebSite","@id":"https:\/\/www.eustek.com\/#website","url":"https:\/\/www.eustek.com\/","name":"Eustek. Integrando soluciones","description":"Integraci\u00f3n de sistemas","publisher":{"@id":"https:\/\/www.eustek.com\/#organization"},"potentialAction":[{"@type":"SearchAction","target":{"@type":"EntryPoint","urlTemplate":"https:\/\/www.eustek.com\/?s={search_term_string}"},"query-input":{"@type":"PropertyValueSpecification","valueRequired":true,"valueName":"search_term_string"}}],"inLanguage":"es"},{"@type":"Organization","@id":"https:\/\/www.eustek.com\/#organization","name":"EUSTEK","url":"https:\/\/www.eustek.com\/","logo":{"@type":"ImageObject","inLanguage":"es","@id":"https:\/\/www.eustek.com\/#\/schema\/logo\/image\/","url":"https:\/\/www.eustek.com\/wp-content\/uploads\/2022\/02\/Eustek_tx.jpg","contentUrl":"https:\/\/www.eustek.com\/wp-content\/uploads\/2022\/02\/Eustek_tx.jpg","width":180,"height":129,"caption":"EUSTEK"},"image":{"@id":"https:\/\/www.eustek.com\/#\/schema\/logo\/image\/"},"sameAs":["https:\/\/www.facebook.com\/Eustek-603432806366897"]}]}},"_links":{"self":[{"href":"https:\/\/www.eustek.com\/index.php\/wp-json\/wp\/v2\/pages\/27","targetHints":{"allow":["GET"]}}],"collection":[{"href":"https:\/\/www.eustek.com\/index.php\/wp-json\/wp\/v2\/pages"}],"about":[{"href":"https:\/\/www.eustek.com\/index.php\/wp-json\/wp\/v2\/types\/page"}],"author":[{"embeddable":true,"href":"https:\/\/www.eustek.com\/index.php\/wp-json\/wp\/v2\/users\/1"}],"replies":[{"embeddable":true,"href":"https:\/\/www.eustek.com\/index.php\/wp-json\/wp\/v2\/comments?post=27"}],"version-history":[{"count":3,"href":"https:\/\/www.eustek.com\/index.php\/wp-json\/wp\/v2\/pages\/27\/revisions"}],"predecessor-version":[{"id":59,"href":"https:\/\/www.eustek.com\/index.php\/wp-json\/wp\/v2\/pages\/27\/revisions\/59"}],"wp:attachment":[{"href":"https:\/\/www.eustek.com\/index.php\/wp-json\/wp\/v2\/media?parent=27"}],"curies":[{"name":"wp","href":"https:\/\/api.w.org\/{rel}","templated":true}]}}