{"id":109,"date":"2022-01-23T12:48:57","date_gmt":"2022-01-23T12:48:57","guid":{"rendered":"https:\/\/www.eustek.com\/?page_id=109"},"modified":"2022-02-17T17:19:53","modified_gmt":"2022-02-17T17:19:53","slug":"soluciones","status":"publish","type":"page","link":"https:\/\/www.eustek.com\/index.php\/soluciones\/","title":{"rendered":"Soluciones"},"content":{"rendered":"\n<p>El conocimiento, la ingenier\u00eda de sistemas, los productos, el software, las comunicaciones nos permiten ofrecer soluciones llave en mano a multiples sectores.<\/p>\n\n\n\n<div class=\"wp-block-columns is-layout-flex wp-container-core-columns-is-layout-9d6595d7 wp-block-columns-is-layout-flex\">\n<div class=\"wp-block-column is-layout-flow wp-block-column-is-layout-flow\">\n<figure class=\"wp-block-image size-full\"><img loading=\"lazy\" decoding=\"async\" width=\"234\" height=\"143\" src=\"https:\/\/www.eustek.com\/wp-content\/uploads\/2022\/01\/LogoRPSNext.png\" alt=\"\" class=\"wp-image-44\"\/><\/figure>\n<\/div>\n\n\n\n<div class=\"wp-block-column is-layout-flow wp-block-column-is-layout-flow\">\n<h3 class=\"wp-block-heading\">Somos distribuidores de RPSNext<sup>\u00ae<\/sup><\/h3>\n\n\n\n<p>Un ERP completo e innovador para la empresa. Sus funcionalidades y posibilidades de parametrizaci\u00f3n permiten adaptar RPS de Iberm\u00e1tica a las necesidades de la empresa y cada usuario de manera r\u00e1pida y sencilla.<\/p>\n\n\n\n<ul class=\"wp-block-list\"><li>Una soluci\u00f3n de aqu\u00ed para un mundo global.<\/li><li>Completa. Cubre todas las necesidades de la empresa<\/li><li>Preparada para <a href=\"https:\/\/www.euskadi.eus\/ticketbai\/\">TicketBai<\/a><\/li><\/ul>\n\n\n\n<p><a href=\"https:\/\/www.eustek.com\/?page_id=113\">Seguir leyendo<\/a><\/p>\n\n\n\n<p><\/p>\n<\/div>\n<\/div>\n\n\n\n<div class=\"wp-block-columns is-layout-flex wp-container-core-columns-is-layout-9d6595d7 wp-block-columns-is-layout-flex\">\n<div class=\"wp-block-column is-layout-flow wp-block-column-is-layout-flow\">\n<figure class=\"wp-block-image size-full is-resized\"><img loading=\"lazy\" decoding=\"async\" src=\"https:\/\/www.eustek.com\/wp-content\/uploads\/2022\/01\/etk1.png\" alt=\"\" class=\"wp-image-117\" width=\"220\" height=\"182\" srcset=\"https:\/\/www.eustek.com\/wp-content\/uploads\/2022\/01\/etk1.png 475w, https:\/\/www.eustek.com\/wp-content\/uploads\/2022\/01\/etk1-300x248.png 300w\" sizes=\"auto, (max-width: 220px) 100vw, 220px\" \/><\/figure>\n<\/div>\n\n\n\n<div class=\"wp-block-column is-layout-flow wp-block-column-is-layout-flow\">\n<h2 class=\"wp-block-heading\">Soluciones Verticales ETK<\/h2>\n\n\n\n<p>Sea el sector al que pertenezca su actividad, podemos ayudarle. Soluciones que combinan el equipamiento y el software necesario para implantar una soluci\u00f3n \u00abllave en mano\u00bb. Algunos ejemplos orientativos:<\/p>\n\n\n\n<ul class=\"wp-block-list\"><li>ETKTraza<\/li><li>ETKControl<\/li><li>ETKOvotrack<\/li><li>ETKC\u00e1rnicas<\/li><li>ETKPesaje<\/li><li>ETKDosi<\/li><li>ETKB\u00e1scula<\/li><\/ul>\n<\/div>\n<\/div>\n\n\n\n<p><\/p>\n","protected":false},"excerpt":{"rendered":"<p>El conocimiento, la ingenier\u00eda de sistemas, los productos, el software, las comunicaciones nos permiten ofrecer soluciones llave en mano a multiples sectores. Somos distribuidores de RPSNext\u00ae Un ERP completo e innovador para la empresa. Sus funcionalidades y posibilidades de parametrizaci\u00f3n permiten adaptar RPS de Iberm\u00e1tica a las necesidades de la empresa y cada usuario de [&hellip;]<\/p>\n","protected":false},"author":1,"featured_media":0,"parent":0,"menu_order":0,"comment_status":"closed","ping_status":"closed","template":"","meta":{"footnotes":""},"class_list":["post-109","page","type-page","status-publish","hentry"],"yoast_head":"<!-- This site is optimized with the Yoast SEO plugin v27.4 - https:\/\/yoast.com\/product\/yoast-seo-wordpress\/ -->\n<title>Soluciones - Eustek. Integrando soluciones<\/title>\n<meta name=\"robots\" content=\"index, follow, max-snippet:-1, max-image-preview:large, max-video-preview:-1\" \/>\n<link rel=\"canonical\" href=\"https:\/\/www.eustek.com\/index.php\/soluciones\/\" \/>\n<meta property=\"og:locale\" content=\"es_ES\" \/>\n<meta property=\"og:type\" content=\"article\" \/>\n<meta property=\"og:title\" content=\"Soluciones - Eustek. Integrando soluciones\" \/>\n<meta property=\"og:description\" content=\"El conocimiento, la ingenier\u00eda de sistemas, los productos, el software, las comunicaciones nos permiten ofrecer soluciones llave en mano a multiples sectores. Somos distribuidores de RPSNext\u00ae Un ERP completo e innovador para la empresa. Sus funcionalidades y posibilidades de parametrizaci\u00f3n permiten adaptar RPS de Iberm\u00e1tica a las necesidades de la empresa y cada usuario de [&hellip;]\" \/>\n<meta property=\"og:url\" content=\"https:\/\/www.eustek.com\/index.php\/soluciones\/\" \/>\n<meta property=\"og:site_name\" content=\"Eustek. Integrando soluciones\" \/>\n<meta property=\"article:publisher\" content=\"https:\/\/www.facebook.com\/Eustek-603432806366897\" \/>\n<meta property=\"article:modified_time\" content=\"2022-02-17T17:19:53+00:00\" \/>\n<meta property=\"og:image\" content=\"https:\/\/www.eustek.com\/wp-content\/uploads\/2022\/01\/LogoRPSNext.png\" \/>\n<meta name=\"twitter:card\" content=\"summary_large_image\" \/>\n<meta name=\"twitter:label1\" content=\"Tiempo de lectura\" \/>\n\t<meta name=\"twitter:data1\" content=\"1 minuto\" \/>\n<script type=\"application\/ld+json\" class=\"yoast-schema-graph\">{\"@context\":\"https:\\\/\\\/schema.org\",\"@graph\":[{\"@type\":\"WebPage\",\"@id\":\"https:\\\/\\\/www.eustek.com\\\/index.php\\\/soluciones\\\/\",\"url\":\"https:\\\/\\\/www.eustek.com\\\/index.php\\\/soluciones\\\/\",\"name\":\"Soluciones - Eustek. Integrando soluciones\",\"isPartOf\":{\"@id\":\"https:\\\/\\\/www.eustek.com\\\/#website\"},\"primaryImageOfPage\":{\"@id\":\"https:\\\/\\\/www.eustek.com\\\/index.php\\\/soluciones\\\/#primaryimage\"},\"image\":{\"@id\":\"https:\\\/\\\/www.eustek.com\\\/index.php\\\/soluciones\\\/#primaryimage\"},\"thumbnailUrl\":\"https:\\\/\\\/www.eustek.com\\\/wp-content\\\/uploads\\\/2022\\\/01\\\/LogoRPSNext.png\",\"datePublished\":\"2022-01-23T12:48:57+00:00\",\"dateModified\":\"2022-02-17T17:19:53+00:00\",\"breadcrumb\":{\"@id\":\"https:\\\/\\\/www.eustek.com\\\/index.php\\\/soluciones\\\/#breadcrumb\"},\"inLanguage\":\"es\",\"potentialAction\":[{\"@type\":\"ReadAction\",\"target\":[\"https:\\\/\\\/www.eustek.com\\\/index.php\\\/soluciones\\\/\"]}]},{\"@type\":\"ImageObject\",\"inLanguage\":\"es\",\"@id\":\"https:\\\/\\\/www.eustek.com\\\/index.php\\\/soluciones\\\/#primaryimage\",\"url\":\"https:\\\/\\\/www.eustek.com\\\/wp-content\\\/uploads\\\/2022\\\/01\\\/LogoRPSNext.png\",\"contentUrl\":\"https:\\\/\\\/www.eustek.com\\\/wp-content\\\/uploads\\\/2022\\\/01\\\/LogoRPSNext.png\",\"width\":234,\"height\":143},{\"@type\":\"BreadcrumbList\",\"@id\":\"https:\\\/\\\/www.eustek.com\\\/index.php\\\/soluciones\\\/#breadcrumb\",\"itemListElement\":[{\"@type\":\"ListItem\",\"position\":1,\"name\":\"Portada\",\"item\":\"https:\\\/\\\/www.eustek.com\\\/\"},{\"@type\":\"ListItem\",\"position\":2,\"name\":\"Soluciones\"}]},{\"@type\":\"WebSite\",\"@id\":\"https:\\\/\\\/www.eustek.com\\\/#website\",\"url\":\"https:\\\/\\\/www.eustek.com\\\/\",\"name\":\"Eustek. Integrando soluciones\",\"description\":\"Integraci\u00f3n de sistemas\",\"publisher\":{\"@id\":\"https:\\\/\\\/www.eustek.com\\\/#organization\"},\"potentialAction\":[{\"@type\":\"SearchAction\",\"target\":{\"@type\":\"EntryPoint\",\"urlTemplate\":\"https:\\\/\\\/www.eustek.com\\\/?s={search_term_string}\"},\"query-input\":{\"@type\":\"PropertyValueSpecification\",\"valueRequired\":true,\"valueName\":\"search_term_string\"}}],\"inLanguage\":\"es\"},{\"@type\":\"Organization\",\"@id\":\"https:\\\/\\\/www.eustek.com\\\/#organization\",\"name\":\"EUSTEK\",\"url\":\"https:\\\/\\\/www.eustek.com\\\/\",\"logo\":{\"@type\":\"ImageObject\",\"inLanguage\":\"es\",\"@id\":\"https:\\\/\\\/www.eustek.com\\\/#\\\/schema\\\/logo\\\/image\\\/\",\"url\":\"https:\\\/\\\/www.eustek.com\\\/wp-content\\\/uploads\\\/2022\\\/02\\\/Eustek_tx.jpg\",\"contentUrl\":\"https:\\\/\\\/www.eustek.com\\\/wp-content\\\/uploads\\\/2022\\\/02\\\/Eustek_tx.jpg\",\"width\":180,\"height\":129,\"caption\":\"EUSTEK\"},\"image\":{\"@id\":\"https:\\\/\\\/www.eustek.com\\\/#\\\/schema\\\/logo\\\/image\\\/\"},\"sameAs\":[\"https:\\\/\\\/www.facebook.com\\\/Eustek-603432806366897\"]}]}<\/script>\n<!-- \/ Yoast SEO plugin. -->","yoast_head_json":{"title":"Soluciones - Eustek. Integrando soluciones","robots":{"index":"index","follow":"follow","max-snippet":"max-snippet:-1","max-image-preview":"max-image-preview:large","max-video-preview":"max-video-preview:-1"},"canonical":"https:\/\/www.eustek.com\/index.php\/soluciones\/","og_locale":"es_ES","og_type":"article","og_title":"Soluciones - Eustek. Integrando soluciones","og_description":"El conocimiento, la ingenier\u00eda de sistemas, los productos, el software, las comunicaciones nos permiten ofrecer soluciones llave en mano a multiples sectores. Somos distribuidores de RPSNext\u00ae Un ERP completo e innovador para la empresa. Sus funcionalidades y posibilidades de parametrizaci\u00f3n permiten adaptar RPS de Iberm\u00e1tica a las necesidades de la empresa y cada usuario de [&hellip;]","og_url":"https:\/\/www.eustek.com\/index.php\/soluciones\/","og_site_name":"Eustek. Integrando soluciones","article_publisher":"https:\/\/www.facebook.com\/Eustek-603432806366897","article_modified_time":"2022-02-17T17:19:53+00:00","og_image":[{"url":"https:\/\/www.eustek.com\/wp-content\/uploads\/2022\/01\/LogoRPSNext.png","type":"","width":"","height":""}],"twitter_card":"summary_large_image","twitter_misc":{"Tiempo de lectura":"1 minuto"},"schema":{"@context":"https:\/\/schema.org","@graph":[{"@type":"WebPage","@id":"https:\/\/www.eustek.com\/index.php\/soluciones\/","url":"https:\/\/www.eustek.com\/index.php\/soluciones\/","name":"Soluciones - Eustek. Integrando soluciones","isPartOf":{"@id":"https:\/\/www.eustek.com\/#website"},"primaryImageOfPage":{"@id":"https:\/\/www.eustek.com\/index.php\/soluciones\/#primaryimage"},"image":{"@id":"https:\/\/www.eustek.com\/index.php\/soluciones\/#primaryimage"},"thumbnailUrl":"https:\/\/www.eustek.com\/wp-content\/uploads\/2022\/01\/LogoRPSNext.png","datePublished":"2022-01-23T12:48:57+00:00","dateModified":"2022-02-17T17:19:53+00:00","breadcrumb":{"@id":"https:\/\/www.eustek.com\/index.php\/soluciones\/#breadcrumb"},"inLanguage":"es","potentialAction":[{"@type":"ReadAction","target":["https:\/\/www.eustek.com\/index.php\/soluciones\/"]}]},{"@type":"ImageObject","inLanguage":"es","@id":"https:\/\/www.eustek.com\/index.php\/soluciones\/#primaryimage","url":"https:\/\/www.eustek.com\/wp-content\/uploads\/2022\/01\/LogoRPSNext.png","contentUrl":"https:\/\/www.eustek.com\/wp-content\/uploads\/2022\/01\/LogoRPSNext.png","width":234,"height":143},{"@type":"BreadcrumbList","@id":"https:\/\/www.eustek.com\/index.php\/soluciones\/#breadcrumb","itemListElement":[{"@type":"ListItem","position":1,"name":"Portada","item":"https:\/\/www.eustek.com\/"},{"@type":"ListItem","position":2,"name":"Soluciones"}]},{"@type":"WebSite","@id":"https:\/\/www.eustek.com\/#website","url":"https:\/\/www.eustek.com\/","name":"Eustek. Integrando soluciones","description":"Integraci\u00f3n de sistemas","publisher":{"@id":"https:\/\/www.eustek.com\/#organization"},"potentialAction":[{"@type":"SearchAction","target":{"@type":"EntryPoint","urlTemplate":"https:\/\/www.eustek.com\/?s={search_term_string}"},"query-input":{"@type":"PropertyValueSpecification","valueRequired":true,"valueName":"search_term_string"}}],"inLanguage":"es"},{"@type":"Organization","@id":"https:\/\/www.eustek.com\/#organization","name":"EUSTEK","url":"https:\/\/www.eustek.com\/","logo":{"@type":"ImageObject","inLanguage":"es","@id":"https:\/\/www.eustek.com\/#\/schema\/logo\/image\/","url":"https:\/\/www.eustek.com\/wp-content\/uploads\/2022\/02\/Eustek_tx.jpg","contentUrl":"https:\/\/www.eustek.com\/wp-content\/uploads\/2022\/02\/Eustek_tx.jpg","width":180,"height":129,"caption":"EUSTEK"},"image":{"@id":"https:\/\/www.eustek.com\/#\/schema\/logo\/image\/"},"sameAs":["https:\/\/www.facebook.com\/Eustek-603432806366897"]}]}},"_links":{"self":[{"href":"https:\/\/www.eustek.com\/index.php\/wp-json\/wp\/v2\/pages\/109","targetHints":{"allow":["GET"]}}],"collection":[{"href":"https:\/\/www.eustek.com\/index.php\/wp-json\/wp\/v2\/pages"}],"about":[{"href":"https:\/\/www.eustek.com\/index.php\/wp-json\/wp\/v2\/types\/page"}],"author":[{"embeddable":true,"href":"https:\/\/www.eustek.com\/index.php\/wp-json\/wp\/v2\/users\/1"}],"replies":[{"embeddable":true,"href":"https:\/\/www.eustek.com\/index.php\/wp-json\/wp\/v2\/comments?post=109"}],"version-history":[{"count":8,"href":"https:\/\/www.eustek.com\/index.php\/wp-json\/wp\/v2\/pages\/109\/revisions"}],"predecessor-version":[{"id":148,"href":"https:\/\/www.eustek.com\/index.php\/wp-json\/wp\/v2\/pages\/109\/revisions\/148"}],"wp:attachment":[{"href":"https:\/\/www.eustek.com\/index.php\/wp-json\/wp\/v2\/media?parent=109"}],"curies":[{"name":"wp","href":"https:\/\/api.w.org\/{rel}","templated":true}]}}